{"id":11604,"date":"2022-10-26T07:48:54","date_gmt":"2022-10-26T07:48:54","guid":{"rendered":"http:\/\/www.nicdarkthemes.com\/themes\/charity-foundation\/wp\/demo\/charity-foundation\/?page_id=11604"},"modified":"2025-06-02T15:44:24","modified_gmt":"2025-06-02T20:44:24","slug":"donate-now","status":"publish","type":"page","link":"https:\/\/www.fundacionkantutani.com\/en\/inner-pages\/donate-now\/","title":{"rendered":"Donate Now"},"content":{"rendered":"<div data-elementor-type=\"wp-page\" data-elementor-id=\"11604\" class=\"elementor elementor-11604\">\n\t\t\t\t\t\t<section class=\"elementor-section elementor-top-section elementor-element elementor-element-4ea300a elementor-section-content-middle elementor-section-stretched elementor-section-boxed elementor-section-height-default elementor-section-height-default\" data-id=\"4ea300a\" data-element_type=\"section\" data-settings=\"{&quot;stretch_section&quot;:&quot;section-stretched&quot;,&quot;background_background&quot;:&quot;classic&quot;}\">\n\t\t\t\t\t\t\t<div class=\"elementor-background-overlay\"><\/div>\n\t\t\t\t\t\t\t<div class=\"elementor-container elementor-column-gap-default\">\n\t\t\t\t\t<div class=\"elementor-column elementor-col-100 elementor-top-column elementor-element elementor-element-367ea4a\" data-id=\"367ea4a\" data-element_type=\"column\">\n\t\t\t<div class=\"elementor-widget-wrap elementor-element-populated\">\n\t\t\t\t\t\t<div class=\"elementor-element elementor-element-b4490f3 elementor-widget-mobile__width-initial elementor-absolute elementor-widget elementor-widget-heading\" data-id=\"b4490f3\" data-element_type=\"widget\" data-settings=\"{&quot;_position&quot;:&quot;absolute&quot;}\" data-widget_type=\"heading.default\">\n\t\t\t\t<div class=\"elementor-widget-container\">\n\t\t\t\t\t<h2 class=\"elementor-heading-title elementor-size-default\">Thanks to donors like you, we can continue our mission to reduce preventable blindness and bring eye care to the communities that need it most.<\/h2>\t\t\t\t<\/div>\n\t\t\t\t<\/div>\n\t\t\t\t<div class=\"elementor-element elementor-element-c41522f elementor-widget-tablet__width-initial elementor-widget-mobile__width-initial elementor-absolute elementor-widget elementor-widget-heading\" data-id=\"c41522f\" data-element_type=\"widget\" data-settings=\"{&quot;_position&quot;:&quot;absolute&quot;}\" data-widget_type=\"heading.default\">\n\t\t\t\t<div class=\"elementor-widget-container\">\n\t\t\t\t\t<h2 class=\"elementor-heading-title elementor-size-default\">Kantutani Foundation is a registered organization 501(c)(3), so donations are tax-deductible to the maximum extent allowed by law. Tax identification number (EIN): 873166842 \u2013 Kantutani Foundation INC.<\/h2>\t\t\t\t<\/div>\n\t\t\t\t<\/div>\n\t\t\t\t\t<\/div>\n\t\t<\/div>\n\t\t\t\t\t<\/div>\n\t\t<\/section>\n\t\t<div class=\"elementor-element elementor-element-05c9856 e-con-full e-flex e-con e-parent\" data-id=\"05c9856\" data-element_type=\"container\">\n\t\t<div class=\"elementor-element elementor-element-f584e52 e-con-full e-flex e-con e-child\" data-id=\"f584e52\" data-element_type=\"container\">\n\t\t\t\t<div class=\"elementor-element elementor-element-a2dc00a elementor-widget elementor-widget-heading\" data-id=\"a2dc00a\" data-element_type=\"widget\" data-widget_type=\"heading.default\">\n\t\t\t\t<div class=\"elementor-widget-container\">\n\t\t\t\t\t<h6 class=\"elementor-heading-title elementor-size-default\">A call to action<\/h6>\t\t\t\t<\/div>\n\t\t\t\t<\/div>\n\t\t\t\t<div class=\"elementor-element elementor-element-5d13841 elementor-widget elementor-widget-text-editor\" data-id=\"5d13841\" data-element_type=\"widget\" data-widget_type=\"text-editor.default\">\n\t\t\t\t<div class=\"elementor-widget-container\">\n\t\t\t\t\t\t\t\t\t<p><span style=\"font-family: roboto-regular;\">Imagine a world where:<\/span><\/p><ul><li><span style=\"font-family: roboto-regular;\">A child sees the blackboard for the first time<\/span><\/li><li><span style=\"font-family: roboto-regular;\">A mother returns to weaving to support her children.<\/span><\/li><li><span style=\"font-family: roboto-regular;\">A grandfather recognizes his grandson's face.<\/span><\/li><li><span style=\"font-family: roboto-regular;\">That world is possible, but we cannot build it alone.<\/span><\/li><\/ul><p><span style=\"font-family: roboto-regular;\">We ask for your support through a donation to contribute to our efforts in the fight against preventable blindness in Bolivia. Together, let us unite to make a tangible difference in our world.<\/span><\/p><p>\u00a0<\/p>\t\t\t\t\t\t\t\t<\/div>\n\t\t\t\t<\/div>\n\t\t\t\t<\/div>\n\t\t<div class=\"elementor-element elementor-element-4da9096 e-con-full e-flex e-con e-child\" data-id=\"4da9096\" data-element_type=\"container\">\n\t\t<div class=\"elementor-element elementor-element-3230775 e-con-full e-flex e-con e-child\" data-id=\"3230775\" data-element_type=\"container\">\n\t\t\t\t<div class=\"elementor-element elementor-element-df0532f elementor-widget elementor-widget-image\" data-id=\"df0532f\" data-element_type=\"widget\" data-widget_type=\"image.default\">\n\t\t\t\t<div class=\"elementor-widget-container\">\n\t\t\t\t\t\t\t\t\t\t\t\t\t\t\t<img fetchpriority=\"high\" decoding=\"async\" width=\"600\" height=\"566\" src=\"https:\/\/www.fundacionkantutani.com\/wp-content\/uploads\/2025\/05\/dona1.png\" class=\"attachment-large size-large wp-image-16597\" alt=\"\" srcset=\"https:\/\/www.fundacionkantutani.com\/wp-content\/uploads\/2025\/05\/dona1.png 600w, https:\/\/www.fundacionkantutani.com\/wp-content\/uploads\/2025\/05\/dona1-300x283.png 300w\" sizes=\"(max-width: 600px) 100vw, 600px\" \/>\t\t\t\t\t\t\t\t\t\t\t\t\t\t\t<\/div>\n\t\t\t\t<\/div>\n\t\t\t\t<\/div>\n\t\t<div class=\"elementor-element elementor-element-f798c5a e-con-full e-flex e-con e-child\" data-id=\"f798c5a\" data-element_type=\"container\">\n\t\t\t\t<div class=\"elementor-element elementor-element-b7182be elementor-widget elementor-widget-image\" data-id=\"b7182be\" data-element_type=\"widget\" data-widget_type=\"image.default\">\n\t\t\t\t<div class=\"elementor-widget-container\">\n\t\t\t\t\t\t\t\t\t\t\t\t\t\t\t<img decoding=\"async\" width=\"600\" height=\"566\" src=\"https:\/\/www.fundacionkantutani.com\/wp-content\/uploads\/2025\/05\/dona3.png\" class=\"attachment-large size-large wp-image-16599\" alt=\"\" srcset=\"https:\/\/www.fundacionkantutani.com\/wp-content\/uploads\/2025\/05\/dona3.png 600w, https:\/\/www.fundacionkantutani.com\/wp-content\/uploads\/2025\/05\/dona3-300x283.png 300w\" sizes=\"(max-width: 600px) 100vw, 600px\" \/>\t\t\t\t\t\t\t\t\t\t\t\t\t\t\t<\/div>\n\t\t\t\t<\/div>\n\t\t\t\t<\/div>\n\t\t\t\t<\/div>\n\t\t<div class=\"elementor-element elementor-element-8be75a4 e-con-full e-flex e-con e-child\" data-id=\"8be75a4\" data-element_type=\"container\">\n\t\t<div class=\"elementor-element elementor-element-6aa54df e-con-full e-flex e-con e-child\" data-id=\"6aa54df\" data-element_type=\"container\">\n\t\t\t\t<div class=\"elementor-element elementor-element-87bcb6c elementor-widget elementor-widget-image\" data-id=\"87bcb6c\" data-element_type=\"widget\" data-widget_type=\"image.default\">\n\t\t\t\t<div class=\"elementor-widget-container\">\n\t\t\t\t\t\t\t\t\t\t\t\t\t\t\t<img decoding=\"async\" width=\"600\" height=\"566\" src=\"https:\/\/www.fundacionkantutani.com\/wp-content\/uploads\/2025\/05\/dona2.png\" class=\"attachment-large size-large wp-image-16598\" alt=\"\" srcset=\"https:\/\/www.fundacionkantutani.com\/wp-content\/uploads\/2025\/05\/dona2.png 600w, https:\/\/www.fundacionkantutani.com\/wp-content\/uploads\/2025\/05\/dona2-300x283.png 300w\" sizes=\"(max-width: 600px) 100vw, 600px\" \/>\t\t\t\t\t\t\t\t\t\t\t\t\t\t\t<\/div>\n\t\t\t\t<\/div>\n\t\t\t\t<\/div>\n\t\t<div class=\"elementor-element elementor-element-89faccc e-con-full e-flex e-con e-child\" data-id=\"89faccc\" data-element_type=\"container\">\n\t\t\t\t<div class=\"elementor-element elementor-element-a31ff55 elementor-widget elementor-widget-image\" data-id=\"a31ff55\" data-element_type=\"widget\" data-widget_type=\"image.default\">\n\t\t\t\t<div class=\"elementor-widget-container\">\n\t\t\t\t\t\t\t\t\t\t\t\t\t\t\t<img loading=\"lazy\" decoding=\"async\" width=\"600\" height=\"566\" src=\"https:\/\/www.fundacionkantutani.com\/wp-content\/uploads\/2025\/05\/dona4.png\" class=\"attachment-large size-large wp-image-16596\" alt=\"\" srcset=\"https:\/\/www.fundacionkantutani.com\/wp-content\/uploads\/2025\/05\/dona4.png 600w, https:\/\/www.fundacionkantutani.com\/wp-content\/uploads\/2025\/05\/dona4-300x283.png 300w\" sizes=\"(max-width: 600px) 100vw, 600px\" \/>\t\t\t\t\t\t\t\t\t\t\t\t\t\t\t<\/div>\n\t\t\t\t<\/div>\n\t\t\t\t<\/div>\n\t\t\t\t<\/div>\n\t\t\t\t<\/div>\n\t\t<div class=\"elementor-element elementor-element-2280deb e-flex e-con-boxed e-con e-parent\" data-id=\"2280deb\" data-element_type=\"container\">\n\t\t\t\t\t<div class=\"e-con-inner\">\n\t\t\t\t<div class=\"elementor-element elementor-element-69432e2 elementor-widget-divider--view-line elementor-widget elementor-widget-divider\" data-id=\"69432e2\" data-element_type=\"widget\" data-widget_type=\"divider.default\">\n\t\t\t\t<div class=\"elementor-widget-container\">\n\t\t\t\t\t\t\t<div class=\"elementor-divider\">\n\t\t\t<span class=\"elementor-divider-separator\">\n\t\t\t\t\t\t<\/span>\n\t\t<\/div>\n\t\t\t\t\t\t<\/div>\n\t\t\t\t<\/div>\n\t\t\t\t\t<\/div>\n\t\t\t\t<\/div>\n\t\t<div class=\"elementor-element elementor-element-64257eb e-flex e-con-boxed e-con e-parent\" data-id=\"64257eb\" data-element_type=\"container\">\n\t\t\t\t\t<div class=\"e-con-inner\">\n\t\t<div class=\"elementor-element elementor-element-f49c80c e-con-full e-flex e-con e-child\" data-id=\"f49c80c\" data-element_type=\"container\">\n\t\t\t\t<div class=\"elementor-element elementor-element-1b44c02 elementor-widget elementor-widget-image\" data-id=\"1b44c02\" data-element_type=\"widget\" data-widget_type=\"image.default\">\n\t\t\t\t<div class=\"elementor-widget-container\">\n\t\t\t\t\t\t\t\t\t\t\t\t\t\t\t<img loading=\"lazy\" decoding=\"async\" width=\"960\" height=\"540\" src=\"https:\/\/www.fundacionkantutani.com\/wp-content\/uploads\/2025\/06\/stripe_logo.png\" class=\"attachment-large size-large wp-image-17015\" alt=\"\" srcset=\"https:\/\/www.fundacionkantutani.com\/wp-content\/uploads\/2025\/06\/stripe_logo.png 960w, https:\/\/www.fundacionkantutani.com\/wp-content\/uploads\/2025\/06\/stripe_logo-300x169.png 300w, https:\/\/www.fundacionkantutani.com\/wp-content\/uploads\/2025\/06\/stripe_logo-768x432.png 768w, https:\/\/www.fundacionkantutani.com\/wp-content\/uploads\/2025\/06\/stripe_logo-600x338.png 600w\" sizes=\"(max-width: 960px) 100vw, 960px\" \/>\t\t\t\t\t\t\t\t\t\t\t\t\t\t\t<\/div>\n\t\t\t\t<\/div>\n\t\t\t\t<\/div>\n\t\t<div class=\"elementor-element elementor-element-5bf7a39 e-con-full e-flex e-con e-child\" data-id=\"5bf7a39\" data-element_type=\"container\">\n\t\t\t\t<div class=\"elementor-element elementor-element-0b48c8c elementor-widget elementor-widget-html\" data-id=\"0b48c8c\" data-element_type=\"widget\" data-widget_type=\"html.default\">\n\t\t\t\t<div class=\"elementor-widget-container\">\n\t\t\t\t\t<script async\r\n src=\"https:\/\/js.stripe.com\/v3\/buy-button.js\">\r\n<\/script>\r\n\r\n<stripe-buy-button\r\n  buy-button-id=\"buy_btn_1RVf82QoQLCRbIbgSzFRDXDQ\"\r\n  publishable-key=\"pk_test_51RU7YbQoQLCRbIbgLdX8bOTiDDECKQ624jaEVsi13j6WK6HJfbzTD3QRcZjawfnPKksHDV4PIzpk6oIC42BKKW5B00HNX7dBnw\"\r\n>\r\n<\/stripe-buy-button>\t\t\t\t<\/div>\n\t\t\t\t<\/div>\n\t\t\t\t<div class=\"elementor-element elementor-element-68300fd elementor-widget elementor-widget-text-editor\" data-id=\"68300fd\" data-element_type=\"widget\" data-widget_type=\"text-editor.default\">\n\t\t\t\t<div class=\"elementor-widget-container\">\n\t\t\t\t\t\t\t\t\t<p class=\"elementor-image-box-description\">Juntos, transformamos vidas una visi\u00f3n a la vez. Su apoyo es m\u00e1s que una donaci\u00f3n; es una inversi\u00f3n en esperanza, dignidad y oportunidades. Es una promesa para aquellos que quedaron en la oscuridad de que no son olvidados.<\/p>\t\t\t\t\t\t\t\t<\/div>\n\t\t\t\t<\/div>\n\t\t\t\t<\/div>\n\t\t\t\t\t<\/div>\n\t\t\t\t<\/div>\n\t\t<div class=\"elementor-element elementor-element-863f093 e-flex e-con-boxed e-con e-parent\" data-id=\"863f093\" data-element_type=\"container\">\n\t\t\t\t\t<div class=\"e-con-inner\">\n\t\t\t\t<div class=\"elementor-element elementor-element-ab38e6f elementor-widget-divider--view-line elementor-widget elementor-widget-divider\" data-id=\"ab38e6f\" data-element_type=\"widget\" data-widget_type=\"divider.default\">\n\t\t\t\t<div class=\"elementor-widget-container\">\n\t\t\t\t\t\t\t<div class=\"elementor-divider\">\n\t\t\t<span class=\"elementor-divider-separator\">\n\t\t\t\t\t\t<\/span>\n\t\t<\/div>\n\t\t\t\t\t\t<\/div>\n\t\t\t\t<\/div>\n\t\t\t\t\t<\/div>\n\t\t\t\t<\/div>\n\t\t<div class=\"elementor-element elementor-element-7995c05 e-flex e-con-boxed e-con e-parent\" data-id=\"7995c05\" data-element_type=\"container\">\n\t\t\t\t\t<div class=\"e-con-inner\">\n\t\t<div class=\"elementor-element elementor-element-608a0c7 e-con-full e-flex e-con e-child\" data-id=\"608a0c7\" data-element_type=\"container\">\n\t\t\t\t<div class=\"elementor-element elementor-element-dabbad8 elementor-widget elementor-widget-image\" data-id=\"dabbad8\" data-element_type=\"widget\" data-widget_type=\"image.default\">\n\t\t\t\t<div class=\"elementor-widget-container\">\n\t\t\t\t\t\t\t\t\t\t\t\t\t\t\t<img loading=\"lazy\" decoding=\"async\" width=\"437\" height=\"115\" src=\"https:\/\/www.fundacionkantutani.com\/wp-content\/uploads\/2025\/05\/paypal_logo.png\" class=\"attachment-large size-large wp-image-16677\" alt=\"\" srcset=\"https:\/\/www.fundacionkantutani.com\/wp-content\/uploads\/2025\/05\/paypal_logo.png 437w, https:\/\/www.fundacionkantutani.com\/wp-content\/uploads\/2025\/05\/paypal_logo-300x79.png 300w\" sizes=\"(max-width: 437px) 100vw, 437px\" \/>\t\t\t\t\t\t\t\t\t\t\t\t\t\t\t<\/div>\n\t\t\t\t<\/div>\n\t\t\t\t<\/div>\n\t\t<div class=\"elementor-element elementor-element-b0bcfa1 e-con-full e-flex e-con e-child\" data-id=\"b0bcfa1\" data-element_type=\"container\">\n\t\t\t\t<div class=\"elementor-element elementor-element-d106f97 elementor-widget elementor-widget-text-editor\" data-id=\"d106f97\" data-element_type=\"widget\" data-widget_type=\"text-editor.default\">\n\t\t\t\t<div class=\"elementor-widget-container\">\n\t\t\t\t\t\t\t\t\t<div id=\"donate-button-container\">\n<div id=\"donate-button\"><\/div>\n<script src=\"https:\/\/www.paypalobjects.com\/donate\/sdk\/donate-sdk.js\" charset=\"UTF-8\"><\/script>\n<script>\nPayPal.Donation.Button({\nenv:'production',\nhosted_button_id:'KBK6APCDCN8LN',\nimage: {\nsrc:'https:\/\/www.paypalobjects.com\/es_XC\/i\/btn\/btn_donate_LG.gif',\nalt:'Donar con el bot\u00f3n PayPal',\ntitle:'PayPal - The safer, easier way to pay online!',\n}\n}).render('#donate-button');\n<\/script>\n<\/div>\n\t\t\t\t\t\t\t\t<\/div>\n\t\t\t\t<\/div>\n\t\t\t\t<div class=\"elementor-element elementor-element-ffbbd33 elementor-widget elementor-widget-text-editor\" data-id=\"ffbbd33\" data-element_type=\"widget\" data-widget_type=\"text-editor.default\">\n\t\t\t\t<div class=\"elementor-widget-container\">\n\t\t\t\t\t\t\t\t\t<p class=\"elementor-image-box-description\">Muchas gracias por tu donaci\u00f3n. Tu generosidad significa todo para nosotros y para la comunidad a la que servimos<\/p>\t\t\t\t\t\t\t\t<\/div>\n\t\t\t\t<\/div>\n\t\t\t\t<\/div>\n\t\t\t\t\t<\/div>\n\t\t\t\t<\/div>\n\t\t<div class=\"elementor-element elementor-element-3b2450f e-flex e-con-boxed e-con e-parent\" data-id=\"3b2450f\" data-element_type=\"container\">\n\t\t\t\t\t<div class=\"e-con-inner\">\n\t\t\t\t<div class=\"elementor-element elementor-element-8acb516 elementor-widget-divider--view-line elementor-widget elementor-widget-divider\" data-id=\"8acb516\" data-element_type=\"widget\" data-widget_type=\"divider.default\">\n\t\t\t\t<div class=\"elementor-widget-container\">\n\t\t\t\t\t\t\t<div class=\"elementor-divider\">\n\t\t\t<span class=\"elementor-divider-separator\">\n\t\t\t\t\t\t<\/span>\n\t\t<\/div>\n\t\t\t\t\t\t<\/div>\n\t\t\t\t<\/div>\n\t\t\t\t\t<\/div>\n\t\t\t\t<\/div>\n\t\t<div class=\"elementor-element elementor-element-7f7b411 e-flex e-con-boxed e-con e-parent\" data-id=\"7f7b411\" data-element_type=\"container\">\n\t\t\t\t\t<div class=\"e-con-inner\">\n\t\t<div class=\"elementor-element elementor-element-b55a903 e-con-full e-flex e-con e-child\" data-id=\"b55a903\" data-element_type=\"container\">\n\t\t\t\t<div class=\"elementor-element elementor-element-bdf2e9a elementor-widget elementor-widget-image\" data-id=\"bdf2e9a\" data-element_type=\"widget\" data-widget_type=\"image.default\">\n\t\t\t\t<div class=\"elementor-widget-container\">\n\t\t\t\t\t\t\t\t\t\t\t\t\t\t\t<img loading=\"lazy\" decoding=\"async\" width=\"300\" height=\"300\" src=\"https:\/\/www.fundacionkantutani.com\/wp-content\/uploads\/2025\/05\/Sin-titulo-6.png\" class=\"attachment-medium size-medium wp-image-16610\" alt=\"\" srcset=\"https:\/\/www.fundacionkantutani.com\/wp-content\/uploads\/2025\/05\/Sin-titulo-6.png 300w, https:\/\/www.fundacionkantutani.com\/wp-content\/uploads\/2025\/05\/Sin-titulo-6-150x150.png 150w, https:\/\/www.fundacionkantutani.com\/wp-content\/uploads\/2025\/05\/Sin-titulo-6-200x200.png 200w, https:\/\/www.fundacionkantutani.com\/wp-content\/uploads\/2025\/05\/Sin-titulo-6-100x100.png 100w\" sizes=\"(max-width: 300px) 100vw, 300px\" \/>\t\t\t\t\t\t\t\t\t\t\t\t\t\t\t<\/div>\n\t\t\t\t<\/div>\n\t\t\t\t<\/div>\n\t\t<div class=\"elementor-element elementor-element-c095359 e-con-full e-flex e-con e-child\" data-id=\"c095359\" data-element_type=\"container\">\n\t\t\t\t<div class=\"elementor-element elementor-element-46a4067 elementor-widget elementor-widget-text-editor\" data-id=\"46a4067\" data-element_type=\"widget\" data-widget_type=\"text-editor.default\">\n\t\t\t\t<div class=\"elementor-widget-container\">\n\t\t\t\t\t\t\t\t\t<div class=\"elementor-element elementor-element-160015dd e-con-full e-flex e-con e-parent e-lazyloaded\" data-id=\"160015dd\" data-element_type=\"container\"><div class=\"elementor-element elementor-element-51d97ea6 elementor-position-left elementor-vertical-align-middle elementor-widget__width-initial elementor-widget elementor-widget-image-box\" data-id=\"51d97ea6\" data-element_type=\"widget\" data-widget_type=\"image-box.default\"><div class=\"elementor-widget-container\"><div class=\"elementor-image-box-wrapper\"><div class=\"elementor-image-box-content\"><h3 class=\"elementor-image-box-title\"><a href=\"https:\/\/donatestock.com\/la-senda-verde-animal-refuge-inc\">Donar por cheque<\/a><\/h3><\/div><\/div><\/div><\/div><\/div>\t\t\t\t\t\t\t\t<\/div>\n\t\t\t\t<\/div>\n\t\t\t\t<div class=\"elementor-element elementor-element-10d7a72 elementor-widget elementor-widget-text-editor\" data-id=\"10d7a72\" data-element_type=\"widget\" data-widget_type=\"text-editor.default\">\n\t\t\t\t<div class=\"elementor-widget-container\">\n\t\t\t\t\t\t\t\t\t<p class=\"elementor-image-box-description\">Para enviar una donaci\u00f3n a trav\u00e9s del correo, por favor emita un cheque a nombre de Fundaci\u00f3n Kantutani Inc. y env\u00edelo por correo a: direcci\u00f3n &#8211; USA.<\/p>\t\t\t\t\t\t\t\t<\/div>\n\t\t\t\t<\/div>\n\t\t\t\t<\/div>\n\t\t\t\t\t<\/div>\n\t\t\t\t<\/div>\n\t\t<div class=\"elementor-element elementor-element-a6572a5 e-flex e-con-boxed e-con e-parent\" data-id=\"a6572a5\" data-element_type=\"container\">\n\t\t\t\t\t<div class=\"e-con-inner\">\n\t\t\t\t<div class=\"elementor-element elementor-element-7154c9a elementor-widget-divider--view-line elementor-widget elementor-widget-divider\" data-id=\"7154c9a\" data-element_type=\"widget\" data-widget_type=\"divider.default\">\n\t\t\t\t<div class=\"elementor-widget-container\">\n\t\t\t\t\t\t\t<div class=\"elementor-divider\">\n\t\t\t<span class=\"elementor-divider-separator\">\n\t\t\t\t\t\t<\/span>\n\t\t<\/div>\n\t\t\t\t\t\t<\/div>\n\t\t\t\t<\/div>\n\t\t\t\t\t<\/div>\n\t\t\t\t<\/div>\n\t\t<div class=\"elementor-element elementor-element-86ebf92 e-flex e-con-boxed e-con e-parent\" data-id=\"86ebf92\" data-element_type=\"container\">\n\t\t\t\t\t<div class=\"e-con-inner\">\n\t\t<div class=\"elementor-element elementor-element-b13cf94 e-con-full e-flex e-con e-child\" data-id=\"b13cf94\" data-element_type=\"container\">\n\t\t\t\t<div class=\"elementor-element elementor-element-4882353 elementor-widget elementor-widget-image\" data-id=\"4882353\" data-element_type=\"widget\" data-widget_type=\"image.default\">\n\t\t\t\t<div class=\"elementor-widget-container\">\n\t\t\t\t\t\t\t\t\t\t\t\t\t\t\t<img loading=\"lazy\" decoding=\"async\" width=\"300\" height=\"300\" src=\"https:\/\/www.fundacionkantutani.com\/wp-content\/uploads\/2025\/05\/Sin-titulo-6.png\" class=\"attachment-large size-large wp-image-16610\" alt=\"\" srcset=\"https:\/\/www.fundacionkantutani.com\/wp-content\/uploads\/2025\/05\/Sin-titulo-6.png 300w, https:\/\/www.fundacionkantutani.com\/wp-content\/uploads\/2025\/05\/Sin-titulo-6-150x150.png 150w, https:\/\/www.fundacionkantutani.com\/wp-content\/uploads\/2025\/05\/Sin-titulo-6-200x200.png 200w, https:\/\/www.fundacionkantutani.com\/wp-content\/uploads\/2025\/05\/Sin-titulo-6-100x100.png 100w\" sizes=\"(max-width: 300px) 100vw, 300px\" \/>\t\t\t\t\t\t\t\t\t\t\t\t\t\t\t<\/div>\n\t\t\t\t<\/div>\n\t\t\t\t<\/div>\n\t\t<div class=\"elementor-element elementor-element-803a2ef e-con-full e-flex e-con e-child\" data-id=\"803a2ef\" data-element_type=\"container\">\n\t\t\t\t<div class=\"elementor-element elementor-element-40e2bf1 elementor-widget elementor-widget-text-editor\" data-id=\"40e2bf1\" data-element_type=\"widget\" data-widget_type=\"text-editor.default\">\n\t\t\t\t<div class=\"elementor-widget-container\">\n\t\t\t\t\t\t\t\t\t<div class=\"elementor-element elementor-element-160015dd e-con-full e-flex e-con e-parent e-lazyloaded\" data-id=\"160015dd\" data-element_type=\"container\"><div class=\"elementor-element elementor-element-51d97ea6 elementor-position-left elementor-vertical-align-middle elementor-widget__width-initial elementor-widget elementor-widget-image-box\" data-id=\"51d97ea6\" data-element_type=\"widget\" data-widget_type=\"image-box.default\"><div class=\"elementor-widget-container\"><div class=\"elementor-image-box-wrapper\"><div class=\"elementor-image-box-content\"><h3 class=\"elementor-image-box-title\"><a href=\"https:\/\/donatestock.com\/la-senda-verde-animal-refuge-inc\">Donar por tel\u00e9fono<\/a><\/h3><\/div><\/div><\/div><\/div><\/div>\t\t\t\t\t\t\t\t<\/div>\n\t\t\t\t<\/div>\n\t\t\t\t<div class=\"elementor-element elementor-element-72a69f6 elementor-widget elementor-widget-text-editor\" data-id=\"72a69f6\" data-element_type=\"widget\" data-widget_type=\"text-editor.default\">\n\t\t\t\t<div class=\"elementor-widget-container\">\n\t\t\t\t\t\t\t\t\t<p class=\"elementor-image-box-description\">Si prefieres contribuir por tel\u00e9fono, ll\u00e1manos al (+1) 857 80000000 (USA) \/ (+591)7000000 (Bolivia). Estaremos encantados de hablar contigo en cualquier momento.<\/p>\t\t\t\t\t\t\t\t<\/div>\n\t\t\t\t<\/div>\n\t\t\t\t<\/div>\n\t\t\t\t\t<\/div>\n\t\t\t\t<\/div>\n\t\t\t\t<\/div>","protected":false},"excerpt":{"rendered":"<p>Gracias a donantes como usted, podemos continuar con nuestra misi\u00f3n de reducir la ceguera evitable y llevar atenci\u00f3n visual a las comunidades que m\u00e1s lo necesitan Fundaci\u00f3n Kantutani es una [&hellip;]<\/p>","protected":false},"author":5,"featured_media":0,"parent":9038,"menu_order":0,"comment_status":"closed","ping_status":"closed","template":"","meta":{"give_campaign_id":0,"footnotes":""},"class_list":["post-11604","page","type-page","status-publish","hentry"],"campaignId":"","_links":{"self":[{"href":"https:\/\/www.fundacionkantutani.com\/en\/wp-json\/wp\/v2\/pages\/11604","targetHints":{"allow":["GET"]}}],"collection":[{"href":"https:\/\/www.fundacionkantutani.com\/en\/wp-json\/wp\/v2\/pages"}],"about":[{"href":"https:\/\/www.fundacionkantutani.com\/en\/wp-json\/wp\/v2\/types\/page"}],"author":[{"embeddable":true,"href":"https:\/\/www.fundacionkantutani.com\/en\/wp-json\/wp\/v2\/users\/5"}],"replies":[{"embeddable":true,"href":"https:\/\/www.fundacionkantutani.com\/en\/wp-json\/wp\/v2\/comments?post=11604"}],"version-history":[{"count":156,"href":"https:\/\/www.fundacionkantutani.com\/en\/wp-json\/wp\/v2\/pages\/11604\/revisions"}],"predecessor-version":[{"id":17034,"href":"https:\/\/www.fundacionkantutani.com\/en\/wp-json\/wp\/v2\/pages\/11604\/revisions\/17034"}],"up":[{"embeddable":true,"href":"https:\/\/www.fundacionkantutani.com\/en\/wp-json\/wp\/v2\/pages\/9038"}],"wp:attachment":[{"href":"https:\/\/www.fundacionkantutani.com\/en\/wp-json\/wp\/v2\/media?parent=11604"}],"curies":[{"name":"wp","href":"https:\/\/api.w.org\/{rel}","templated":true}]}}