{"id":15703,"date":"2024-10-17T17:15:56","date_gmt":"2024-10-17T22:15:56","guid":{"rendered":"https:\/\/www.fundacionkantutani.com\/?page_id=15703"},"modified":"2024-10-17T17:19:05","modified_gmt":"2024-10-17T22:19:05","slug":"pro-vista-adultos-mayores","status":"publish","type":"page","link":"https:\/\/www.fundacionkantutani.com\/en\/home-pages\/proyectos\/pro-vista-adultos-mayores\/","title":{"rendered":"For senior adults"},"content":{"rendered":"<div data-elementor-type=\"wp-page\" data-elementor-id=\"15703\" class=\"elementor elementor-15703\">\n\t\t\t\t\t\t<section class=\"elementor-section elementor-top-section elementor-element elementor-element-6b39496 elementor-section-stretched elementor-section-content-middle elementor-section-boxed elementor-section-height-default elementor-section-height-default\" data-id=\"6b39496\" data-element_type=\"section\" data-settings=\"{&quot;stretch_section&quot;:&quot;section-stretched&quot;,&quot;background_background&quot;:&quot;classic&quot;}\">\n\t\t\t\t\t\t\t<div class=\"elementor-background-overlay\"><\/div>\n\t\t\t\t\t\t\t<div class=\"elementor-container elementor-column-gap-default\">\n\t\t\t\t\t<div class=\"elementor-column elementor-col-100 elementor-top-column elementor-element elementor-element-c61a9e5\" data-id=\"c61a9e5\" data-element_type=\"column\">\n\t\t\t<div class=\"elementor-widget-wrap elementor-element-populated\">\n\t\t\t\t\t\t<div class=\"elementor-element elementor-element-28b645c elementor-widget elementor-widget-heading\" data-id=\"28b645c\" data-element_type=\"widget\" data-widget_type=\"heading.default\">\n\t\t\t\t<div class=\"elementor-widget-container\">\n\t\t\t\t\t<h1 class=\"elementor-heading-title elementor-size-default\">FOR THE SIGHT OF SENIOR ADULTS<\/h1>\t\t\t\t<\/div>\n\t\t\t\t<\/div>\n\t\t\t\t\t<\/div>\n\t\t<\/div>\n\t\t\t\t\t<\/div>\n\t\t<\/section>\n\t\t\t\t<section class=\"elementor-section elementor-top-section elementor-element elementor-element-fd97a3e elementor-section-stretched elementor-section-boxed elementor-section-height-default elementor-section-height-default\" data-id=\"fd97a3e\" data-element_type=\"section\" data-settings=\"{&quot;stretch_section&quot;:&quot;section-stretched&quot;,&quot;background_background&quot;:&quot;classic&quot;}\">\n\t\t\t\t\t\t\t<div class=\"elementor-background-overlay\"><\/div>\n\t\t\t\t\t\t\t<div class=\"elementor-container elementor-column-gap-default\">\n\t\t\t\t\t<div class=\"elementor-column elementor-col-100 elementor-top-column elementor-element elementor-element-64d543c\" data-id=\"64d543c\" data-element_type=\"column\">\n\t\t\t<div class=\"elementor-widget-wrap elementor-element-populated\">\n\t\t\t\t\t\t<div class=\"elementor-element elementor-element-a119099 elementor-widget elementor-widget-heading\" data-id=\"a119099\" data-element_type=\"widget\" data-widget_type=\"heading.default\">\n\t\t\t\t<div class=\"elementor-widget-container\">\n\t\t\t\t\t<h2 class=\"elementor-heading-title elementor-size-default\">From 55 years onwards<\/h2>\t\t\t\t<\/div>\n\t\t\t\t<\/div>\n\t\t\t\t\t<\/div>\n\t\t<\/div>\n\t\t\t\t\t<\/div>\n\t\t<\/section>\n\t\t<div class=\"elementor-element elementor-element-abbe73c e-flex e-con-boxed e-con e-parent\" data-id=\"abbe73c\" data-element_type=\"container\">\n\t\t\t\t\t<div class=\"e-con-inner\">\n\t\t<div class=\"elementor-element elementor-element-ecd9934 e-con-full e-flex e-con e-child\" data-id=\"ecd9934\" data-element_type=\"container\">\n\t\t\t\t<div class=\"elementor-element elementor-element-1db71d3 elementor-widget elementor-widget-text-editor\" data-id=\"1db71d3\" data-element_type=\"widget\" data-widget_type=\"text-editor.default\">\n\t\t\t\t<div class=\"elementor-widget-container\">\n\t\t\t\t\t\t\t\t\t<p>Our purpose is to reach out massively to elderly people in rural areas with visual problems, with the mission of improving their quality of life. This group of older individuals has never received minimal health support and is gradually withdrawing from productive and family life due to a decline in their visual capacity, which has been addressed through the measurement and donation of glasses through our foundation.<\/p>\t\t\t\t\t\t\t\t<\/div>\n\t\t\t\t<\/div>\n\t\t\t\t<\/div>\n\t\t<div class=\"elementor-element elementor-element-cbd8369 e-con-full e-flex e-con e-child\" data-id=\"cbd8369\" data-element_type=\"container\" data-settings=\"{&quot;background_background&quot;:&quot;classic&quot;}\">\n\t\t\t\t<div class=\"elementor-element elementor-element-49d2b78 elementor-widget elementor-widget-image\" data-id=\"49d2b78\" data-element_type=\"widget\" data-widget_type=\"image.default\">\n\t\t\t\t<div class=\"elementor-widget-container\">\n\t\t\t\t\t\t\t\t\t\t\t\t\t\t\t<img fetchpriority=\"high\" decoding=\"async\" width=\"740\" height=\"500\" src=\"https:\/\/www.fundacionkantutani.com\/wp-content\/uploads\/2024\/10\/campana_adulto_mayor_cb3-740x500.png\" class=\"attachment-nd_donations_img_740_501 size-nd_donations_img_740_501 wp-image-15609\" alt=\"\" \/>\t\t\t\t\t\t\t\t\t\t\t\t\t\t\t<\/div>\n\t\t\t\t<\/div>\n\t\t\t\t<\/div>\n\t\t\t\t\t<\/div>\n\t\t\t\t<\/div>\n\t\t\t\t<\/div>","protected":false},"excerpt":{"rendered":"<p>PRO VISTA ADULTOS MAYORES Desde 55 a\u00f1os en adelante Nuestro prop\u00f3sito es llegar masivamente a personas mayores de provincia con problemas visuales, con la misi\u00f3n de mejorar su calidad de [&hellip;]<\/p>","protected":false},"author":5,"featured_media":0,"parent":14742,"menu_order":0,"comment_status":"closed","ping_status":"closed","template":"","meta":{"give_campaign_id":0,"footnotes":""},"class_list":["post-15703","page","type-page","status-publish","hentry"],"campaignId":"","_links":{"self":[{"href":"https:\/\/www.fundacionkantutani.com\/en\/wp-json\/wp\/v2\/pages\/15703","targetHints":{"allow":["GET"]}}],"collection":[{"href":"https:\/\/www.fundacionkantutani.com\/en\/wp-json\/wp\/v2\/pages"}],"about":[{"href":"https:\/\/www.fundacionkantutani.com\/en\/wp-json\/wp\/v2\/types\/page"}],"author":[{"embeddable":true,"href":"https:\/\/www.fundacionkantutani.com\/en\/wp-json\/wp\/v2\/users\/5"}],"replies":[{"embeddable":true,"href":"https:\/\/www.fundacionkantutani.com\/en\/wp-json\/wp\/v2\/comments?post=15703"}],"version-history":[{"count":4,"href":"https:\/\/www.fundacionkantutani.com\/en\/wp-json\/wp\/v2\/pages\/15703\/revisions"}],"predecessor-version":[{"id":15710,"href":"https:\/\/www.fundacionkantutani.com\/en\/wp-json\/wp\/v2\/pages\/15703\/revisions\/15710"}],"up":[{"embeddable":true,"href":"https:\/\/www.fundacionkantutani.com\/en\/wp-json\/wp\/v2\/pages\/14742"}],"wp:attachment":[{"href":"https:\/\/www.fundacionkantutani.com\/en\/wp-json\/wp\/v2\/media?parent=15703"}],"curies":[{"name":"wp","href":"https:\/\/api.w.org\/{rel}","templated":true}]}}