{"id":15739,"date":"2024-10-18T09:13:07","date_gmt":"2024-10-18T14:13:07","guid":{"rendered":"https:\/\/www.fundacionkantutani.com\/?page_id=15739"},"modified":"2024-10-18T09:16:13","modified_gmt":"2024-10-18T14:16:13","slug":"bus-de-la-esperanza","status":"publish","type":"page","link":"https:\/\/www.fundacionkantutani.com\/en\/home-pages\/proyectos\/bus-de-la-esperanza\/","title":{"rendered":"Bus of hope"},"content":{"rendered":"<div data-elementor-type=\"wp-page\" data-elementor-id=\"15739\" class=\"elementor elementor-15739\">\n\t\t\t\t\t\t<section class=\"elementor-section elementor-top-section elementor-element elementor-element-9d57e5a elementor-section-stretched elementor-section-content-middle elementor-section-boxed elementor-section-height-default elementor-section-height-default\" data-id=\"9d57e5a\" data-element_type=\"section\" data-settings=\"{&quot;stretch_section&quot;:&quot;section-stretched&quot;,&quot;background_background&quot;:&quot;classic&quot;}\">\n\t\t\t\t\t\t\t<div class=\"elementor-background-overlay\"><\/div>\n\t\t\t\t\t\t\t<div class=\"elementor-container elementor-column-gap-default\">\n\t\t\t\t\t<div class=\"elementor-column elementor-col-100 elementor-top-column elementor-element elementor-element-b4754b5\" data-id=\"b4754b5\" data-element_type=\"column\">\n\t\t\t<div class=\"elementor-widget-wrap elementor-element-populated\">\n\t\t\t\t\t\t<div class=\"elementor-element elementor-element-ebffe28 elementor-widget elementor-widget-heading\" data-id=\"ebffe28\" data-element_type=\"widget\" data-widget_type=\"heading.default\">\n\t\t\t\t<div class=\"elementor-widget-container\">\n\t\t\t\t\t<h1 class=\"elementor-heading-title elementor-size-default\">BUS OF HOPE<\/h1>\t\t\t\t<\/div>\n\t\t\t\t<\/div>\n\t\t\t\t\t<\/div>\n\t\t<\/div>\n\t\t\t\t\t<\/div>\n\t\t<\/section>\n\t\t\t\t<section class=\"elementor-section elementor-top-section elementor-element elementor-element-67ec915 elementor-section-stretched elementor-section-boxed elementor-section-height-default elementor-section-height-default\" data-id=\"67ec915\" data-element_type=\"section\" data-settings=\"{&quot;stretch_section&quot;:&quot;section-stretched&quot;,&quot;background_background&quot;:&quot;classic&quot;}\">\n\t\t\t\t\t\t\t<div class=\"elementor-background-overlay\"><\/div>\n\t\t\t\t\t\t\t<div class=\"elementor-container elementor-column-gap-default\">\n\t\t\t\t\t<div class=\"elementor-column elementor-col-100 elementor-top-column elementor-element elementor-element-338eb6c\" data-id=\"338eb6c\" data-element_type=\"column\">\n\t\t\t<div class=\"elementor-widget-wrap elementor-element-populated\">\n\t\t\t\t\t\t<div class=\"elementor-element elementor-element-b7ef639 elementor-widget elementor-widget-heading\" data-id=\"b7ef639\" data-element_type=\"widget\" data-widget_type=\"heading.default\">\n\t\t\t\t<div class=\"elementor-widget-container\">\n\t\t\t\t\t<h2 class=\"elementor-heading-title elementor-size-default\">From the age of 6 and onwards<\/h2>\t\t\t\t<\/div>\n\t\t\t\t<\/div>\n\t\t\t\t\t<\/div>\n\t\t<\/div>\n\t\t\t\t\t<\/div>\n\t\t<\/section>\n\t\t<div class=\"elementor-element elementor-element-ad39a83 e-flex e-con-boxed e-con e-parent\" data-id=\"ad39a83\" data-element_type=\"container\">\n\t\t\t\t\t<div class=\"e-con-inner\">\n\t\t<div class=\"elementor-element elementor-element-104e756 e-con-full e-flex e-con e-child\" data-id=\"104e756\" data-element_type=\"container\">\n\t\t\t\t<div class=\"elementor-element elementor-element-47565a5 elementor-widget elementor-widget-text-editor\" data-id=\"47565a5\" data-element_type=\"widget\" data-widget_type=\"text-editor.default\">\n\t\t\t\t<div class=\"elementor-widget-container\">\n\t\t\t\t\t\t\t\t\t<p>\"Bus of Hope\", the first mobile ophthalmic operating room in Bolivia. The main objective is to reach the most needy rural communities in Bolivia, where there are no resources or ophthalmological centers and ocular pathologies are increasingly frequent and neglected, benefiting them with custom lenses and cataract surgeries.<br \/>\"In the provinces, people for cultural reasons or because they do not have the resources to go to a medical center outside their region lose their sight, become bedridden, and their quality of life deteriorates even further. That is why we abide by the saying if the mountain will not come to Muhammad, then Muhammad must go to the mountain, and we are presenting this modern mobile operating room to perform surgeries in the same municipalities.\"<\/p>\t\t\t\t\t\t\t\t<\/div>\n\t\t\t\t<\/div>\n\t\t\t\t<\/div>\n\t\t<div class=\"elementor-element elementor-element-ff068ad e-con-full e-flex e-con e-child\" data-id=\"ff068ad\" data-element_type=\"container\" data-settings=\"{&quot;background_background&quot;:&quot;classic&quot;}\">\n\t\t\t\t<div class=\"elementor-element elementor-element-a75cf52 elementor-widget elementor-widget-image\" data-id=\"a75cf52\" data-element_type=\"widget\" data-widget_type=\"image.default\">\n\t\t\t\t<div class=\"elementor-widget-container\">\n\t\t\t\t\t\t\t\t\t\t\t\t\t\t\t<img fetchpriority=\"high\" decoding=\"async\" width=\"720\" height=\"720\" src=\"https:\/\/www.fundacionkantutani.com\/wp-content\/uploads\/2024\/08\/f3-1-720x720.png\" class=\"attachment-nd_cc_image_size_720_720 size-nd_cc_image_size_720_720 wp-image-14817\" alt=\"\" srcset=\"https:\/\/www.fundacionkantutani.com\/wp-content\/uploads\/2024\/08\/f3-1-720x720.png 720w, https:\/\/www.fundacionkantutani.com\/wp-content\/uploads\/2024\/08\/f3-1-150x150.png 150w, https:\/\/www.fundacionkantutani.com\/wp-content\/uploads\/2024\/08\/f3-1-200x200.png 200w, https:\/\/www.fundacionkantutani.com\/wp-content\/uploads\/2024\/08\/f3-1-300x300.png 300w, https:\/\/www.fundacionkantutani.com\/wp-content\/uploads\/2024\/08\/f3-1-100x100.png 100w\" sizes=\"(max-width: 720px) 100vw, 720px\" \/>\t\t\t\t\t\t\t\t\t\t\t\t\t\t\t<\/div>\n\t\t\t\t<\/div>\n\t\t\t\t<\/div>\n\t\t\t\t\t<\/div>\n\t\t\t\t<\/div>\n\t\t\t\t<\/div>","protected":false},"excerpt":{"rendered":"<p>BUS DE LA ESPERANZA Desde los 6 a\u00f1os adelante \u201cBus de la Esperanza\u201d, el primer quir\u00f3fano oftalmol\u00f3gico m\u00f3vil en Bolivia. El objetivo principal es llegar a comunidades rurales m\u00e1s necesitadas [&hellip;]<\/p>","protected":false},"author":5,"featured_media":0,"parent":14742,"menu_order":0,"comment_status":"closed","ping_status":"closed","template":"","meta":{"give_campaign_id":0,"footnotes":""},"class_list":["post-15739","page","type-page","status-publish","hentry"],"campaignId":"","_links":{"self":[{"href":"https:\/\/www.fundacionkantutani.com\/en\/wp-json\/wp\/v2\/pages\/15739","targetHints":{"allow":["GET"]}}],"collection":[{"href":"https:\/\/www.fundacionkantutani.com\/en\/wp-json\/wp\/v2\/pages"}],"about":[{"href":"https:\/\/www.fundacionkantutani.com\/en\/wp-json\/wp\/v2\/types\/page"}],"author":[{"embeddable":true,"href":"https:\/\/www.fundacionkantutani.com\/en\/wp-json\/wp\/v2\/users\/5"}],"replies":[{"embeddable":true,"href":"https:\/\/www.fundacionkantutani.com\/en\/wp-json\/wp\/v2\/comments?post=15739"}],"version-history":[{"count":7,"href":"https:\/\/www.fundacionkantutani.com\/en\/wp-json\/wp\/v2\/pages\/15739\/revisions"}],"predecessor-version":[{"id":15749,"href":"https:\/\/www.fundacionkantutani.com\/en\/wp-json\/wp\/v2\/pages\/15739\/revisions\/15749"}],"up":[{"embeddable":true,"href":"https:\/\/www.fundacionkantutani.com\/en\/wp-json\/wp\/v2\/pages\/14742"}],"wp:attachment":[{"href":"https:\/\/www.fundacionkantutani.com\/en\/wp-json\/wp\/v2\/media?parent=15739"}],"curies":[{"name":"wp","href":"https:\/\/api.w.org\/{rel}","templated":true}]}}